{"id":188,"date":"2024-09-18T12:12:27","date_gmt":"2024-09-18T10:12:27","guid":{"rendered":"https:\/\/xn--bielaskiestowarzyszenierodzinabstynenckich-74g.pl\/?page_id=188"},"modified":"2024-11-03T14:08:58","modified_gmt":"2024-11-03T13:08:58","slug":"wspoluzaleznienie","status":"publish","type":"page","link":"https:\/\/xn--bielaskiestowarzyszenierodzinabstynenckich-74g.pl\/index.php\/wspoluzaleznienie\/","title":{"rendered":"Wsp\u00f3\u0142uzale\u017cnienie"},"content":{"rendered":"\t\t<div data-elementor-type=\"wp-page\" data-elementor-id=\"188\" class=\"elementor elementor-188\">\n\t\t\t\t<div class=\"elementor-element elementor-element-4d8e9ab e-flex e-con-boxed e-con e-parent\" data-id=\"4d8e9ab\" data-element_type=\"container\" data-e-type=\"container\">\n\t\t\t\t\t<div class=\"e-con-inner\">\n\t\t\t\t<div class=\"elementor-element elementor-element-3707736 elementor-widget elementor-widget-html\" data-id=\"3707736\" data-element_type=\"widget\" data-e-type=\"widget\" data-widget_type=\"html.default\">\n\t\t\t\t<div class=\"elementor-widget-container\">\n\t\t\t\t\tLiczba ods\u0142on: 2222\t\t\t\t<\/div>\n\t\t\t\t<\/div>\n\t\t\t\t<div class=\"elementor-element elementor-element-ea41cca elementor-invisible elementor-widget elementor-widget-heading\" data-id=\"ea41cca\" data-element_type=\"widget\" data-e-type=\"widget\" data-settings=\"{&quot;_animation&quot;:&quot;slideInDown&quot;}\" data-widget_type=\"heading.default\">\n\t\t\t\t<div class=\"elementor-widget-container\">\n\t\t\t\t\t<h2 class=\"elementor-heading-title elementor-size-default\">Czym jest syndrom wsp\u00f3\u0142uzale\u017cnienia?<\/h2>\t\t\t\t<\/div>\n\t\t\t\t<\/div>\n\t\t\t\t\t<\/div>\n\t\t\t\t<\/div>\n\t\t<div class=\"elementor-element elementor-element-59fec71 e-flex e-con-boxed elementor-invisible e-con e-parent\" data-id=\"59fec71\" data-element_type=\"container\" data-e-type=\"container\" data-settings=\"{&quot;animation&quot;:&quot;bounceInUp&quot;}\">\n\t\t\t\t\t<div class=\"e-con-inner\">\n\t\t\t\t<div class=\"elementor-element elementor-element-698c51f elementor-widget elementor-widget-text-editor\" data-id=\"698c51f\" data-element_type=\"widget\" data-e-type=\"widget\" data-widget_type=\"text-editor.default\">\n\t\t\t\t<div class=\"elementor-widget-container\">\n\t\t\t\t\t\t\t\t\t<p>Wsp\u00f3\u0142uzale\u017cnienie w bardzo wyra\u017any spos\u00f3b obrazuje jak na\u0142\u00f3g oddzia\u0142uje nie tylko na osob\u0119 uzale\u017cnion\u0105 ale r\u00f3wnie\u017c na ca\u0142e jej otoczenie. Na wsp\u00f3\u0142uzale\u017cnienie nara\u017ceni s\u0105 zatem rodzice, partnerzy oraz dzieci zamieszkuj\u0105ce z osob\u0105, kt\u00f3ra ma problem. To oni najcz\u0119\u015bciej, jako pierwsi, zauwa\u017caj\u0105 na\u0142\u00f3g, staraj\u0105 si\u0119 pom\u00f3c i podporz\u0105dkowuj\u0105 w tym celu swoje \u017cycie osobie uzale\u017cnionej. Co istotne, \u201ewsp\u00f3\u0142uzale\u017cnienie nie jest chorob\u0105 &#8211; jest zespo\u0142em nieprawid\u0142owego przystosowania si\u0119 do sytuacji problemowej. Koncentruj\u0105c si\u0119 na szukaniu sposobu ograniczenia picia partnera, osoba wsp\u00f3\u0142uzale\u017cniona nie\u015bwiadomie przejmuje odpowiedzialno\u015b\u0107 i kontrol\u0119 za jego funkcjonowanie, co w efekcie u\u0142atwia pij\u0105cemu dalsze spo\u017cywanie alkoholu. U cz\u0119\u015bci os\u00f3b wsp\u00f3\u0142uzale\u017cnionych rozpoznaje si\u0119 ostr\u0105 reakcj\u0119 na stres, zaburzenia stresowe pourazowe lub zaburzenia adaptacyjne. Wsp\u00f3\u0142uzale\u017cnienie diagnozuje si\u0119 wy\u0142\u0105cznie u os\u00f3b doros\u0142ych, kt\u00f3re formalnie mog\u0105 wybra\u0107 inn\u0105 drog\u0119 poradzenia sobie z problemem picia partnera. Dzieci nie maj\u0105 \u017cadnego wyboru. S\u0105 skazane na \u017cycie w takich warunkach, jakie stwarzaj\u0105 dla nich doro\u015bli\u201d<\/p>\t\t\t\t\t\t\t\t<\/div>\n\t\t\t\t<\/div>\n\t\t\t\t<div class=\"elementor-element elementor-element-9f5d171 elementor-widget elementor-widget-text-editor\" data-id=\"9f5d171\" data-element_type=\"widget\" data-e-type=\"widget\" data-widget_type=\"text-editor.default\">\n\t\t\t\t<div class=\"elementor-widget-container\">\n\t\t\t\t\t\t\t\t\t<p>Innymi s\u0142owy, wsp\u00f3\u0142uzale\u017cnienie to nie\u015bwiadome przejmowanie odpowiedzialno\u015bci za osob\u0119, kt\u00f3ra popad\u0142a w uzale\u017cnienie. Najcz\u0119\u015bciej objawia si\u0119 poprzez po\u015bwi\u0119cenie ca\u0142ego swojego \u017cycia i uwagi osobie z problemem. Bliscy os\u00f3b uzale\u017cnionych zaczynaj\u0105 \u017cy\u0107 ich \u017cyciem zamiast swoim w\u0142asnym. Wsp\u00f3\u0142uzale\u017cnienie cechuje tak\u017ce brak zdolno\u015bci do rado\u015bci, odpr\u0119\u017cenia si\u0119 oraz ignorowanie w\u0142asnych potrzeb. Niejednokrotnie porzucaj\u0105 w\u0142asne plany, ambicje, marzenia na rzecz pomocy drugiej osobie. U podstaw motywacji do dzia\u0142ania os\u00f3b wsp\u00f3\u0142uzale\u017cnionych, le\u017cy przekonanie, \u017ce samodzielnie potrafi\u0105 pom\u00f3c partnerowi. Cz\u0119st\u0105<br \/>taktyk\u0105, przyjmowan\u0105 tak\u017ce przez wsp\u00f3\u0142uzale\u017cnionych, jest izolowanie si\u0119 od innych ludzi, aby nie musie\u0107 t\u0142umaczy\u0107 si\u0119 ze swojego post\u0119powania. Zachowanie to prowadzi jednak w prostej linii do rozwoju choroby, sytuacja taka u\u0142atwia bowiem uzale\u017cnionemu trwanie w na\u0142ogu. Najcz\u0119\u015bciej wi\u0105zany z problemem wsp\u00f3\u0142uzale\u017cnienia, jest alkoholizm aczkolwiek nie jest jego jedyn\u0105 form\u0105. W\u0142a\u015bciwie problem ten dotyka bliskich os\u00f3b uzale\u017cnionych od wszystkich typ\u00f3w na\u0142og\u00f3w: alkoholu, narkotyk\u00f3w, nowych substancji psychoaktywnych hazardu czy seksu.<\/p><p>1 PARPA Wsp\u00f3\u0142uzale\u017cnienie.<br \/><a href=\"https:\/\/www.parpa.pl\/\">www.parpa.pl<\/a><\/p>\t\t\t\t\t\t\t\t<\/div>\n\t\t\t\t<\/div>\n\t\t\t\t\t<\/div>\n\t\t\t\t<\/div>\n\t\t\t\t<\/div>\n\t\t","protected":false},"excerpt":{"rendered":"<p>Liczba ods\u0142on: Czym jest syndrom wsp\u00f3\u0142uzale\u017cnienia? Wsp\u00f3\u0142uzale\u017cnienie w bardzo wyra\u017any spos\u00f3b obrazuje jak na\u0142\u00f3g oddzia\u0142uje nie tylko na osob\u0119 uzale\u017cnion\u0105 [&hellip;]<\/p>\n","protected":false},"author":1,"featured_media":0,"parent":0,"menu_order":0,"comment_status":"closed","ping_status":"closed","template":"","meta":{"_uf_show_specific_survey":0,"_uf_disable_surveys":false,"site-sidebar-layout":"no-sidebar","site-content-layout":"","ast-site-content-layout":"full-width-container","site-content-style":"default","site-sidebar-style":"default","ast-global-header-display":"","ast-banner-title-visibility":"disabled","ast-main-header-display":"","ast-hfb-above-header-display":"","ast-hfb-below-header-display":"","ast-hfb-mobile-header-display":"","site-post-title":"disabled","ast-breadcrumbs-content":"","ast-featured-img":"disabled","footer-sml-layout":"","ast-disable-related-posts":"","theme-transparent-header-meta":"","adv-header-id-meta":"","stick-header-meta":"","header-above-stick-meta":"","header-main-stick-meta":"","header-below-stick-meta":"","astra-migrate-meta-layouts":"default","ast-page-background-enabled":"default","ast-page-background-meta":{"desktop":{"background-color":"var(--ast-global-color-4)","background-image":"","background-repeat":"repeat","background-position":"center center","background-size":"auto","background-attachment":"scroll","background-type":"","background-media":"","overlay-type":"","overlay-color":"","overlay-opacity":"","overlay-gradient":""},"tablet":{"background-color":"","background-image":"","background-repeat":"repeat","background-position":"center center","background-size":"auto","background-attachment":"scroll","background-type":"","background-media":"","overlay-type":"","overlay-color":"","overlay-opacity":"","overlay-gradient":""},"mobile":{"background-color":"","background-image":"","background-repeat":"repeat","background-position":"center center","background-size":"auto","background-attachment":"scroll","background-type":"","background-media":"","overlay-type":"","overlay-color":"","overlay-opacity":"","overlay-gradient":""}},"ast-content-background-meta":{"desktop":{"background-color":"var(--ast-global-color-5)","background-image":"","background-repeat":"repeat","background-position":"center center","background-size":"auto","background-attachment":"scroll","background-type":"","background-media":"","overlay-type":"","overlay-color":"","overlay-opacity":"","overlay-gradient":""},"tablet":{"background-color":"var(--ast-global-color-5)","background-image":"","background-repeat":"repeat","background-position":"center center","background-size":"auto","background-attachment":"scroll","background-type":"","background-media":"","overlay-type":"","overlay-color":"","overlay-opacity":"","overlay-gradient":""},"mobile":{"background-color":"var(--ast-global-color-5)","background-image":"","background-repeat":"repeat","background-position":"center center","background-size":"auto","background-attachment":"scroll","background-type":"","background-media":"","overlay-type":"","overlay-color":"","overlay-opacity":"","overlay-gradient":""}},"footnotes":""},"class_list":["post-188","page","type-page","status-publish","hentry"],"_links":{"self":[{"href":"https:\/\/xn--bielaskiestowarzyszenierodzinabstynenckich-74g.pl\/index.php\/wp-json\/wp\/v2\/pages\/188","targetHints":{"allow":["GET"]}}],"collection":[{"href":"https:\/\/xn--bielaskiestowarzyszenierodzinabstynenckich-74g.pl\/index.php\/wp-json\/wp\/v2\/pages"}],"about":[{"href":"https:\/\/xn--bielaskiestowarzyszenierodzinabstynenckich-74g.pl\/index.php\/wp-json\/wp\/v2\/types\/page"}],"author":[{"embeddable":true,"href":"https:\/\/xn--bielaskiestowarzyszenierodzinabstynenckich-74g.pl\/index.php\/wp-json\/wp\/v2\/users\/1"}],"replies":[{"embeddable":true,"href":"https:\/\/xn--bielaskiestowarzyszenierodzinabstynenckich-74g.pl\/index.php\/wp-json\/wp\/v2\/comments?post=188"}],"version-history":[{"count":25,"href":"https:\/\/xn--bielaskiestowarzyszenierodzinabstynenckich-74g.pl\/index.php\/wp-json\/wp\/v2\/pages\/188\/revisions"}],"predecessor-version":[{"id":663,"href":"https:\/\/xn--bielaskiestowarzyszenierodzinabstynenckich-74g.pl\/index.php\/wp-json\/wp\/v2\/pages\/188\/revisions\/663"}],"wp:attachment":[{"href":"https:\/\/xn--bielaskiestowarzyszenierodzinabstynenckich-74g.pl\/index.php\/wp-json\/wp\/v2\/media?parent=188"}],"curies":[{"name":"wp","href":"https:\/\/api.w.org\/{rel}","templated":true}]}}