{"id":193,"date":"2024-09-18T12:13:15","date_gmt":"2024-09-18T10:13:15","guid":{"rendered":"https:\/\/xn--bielaskiestowarzyszenierodzinabstynenckich-74g.pl\/?page_id=193"},"modified":"2024-11-03T14:09:23","modified_gmt":"2024-11-03T13:09:23","slug":"dda","status":"publish","type":"page","link":"https:\/\/xn--bielaskiestowarzyszenierodzinabstynenckich-74g.pl\/index.php\/dda\/","title":{"rendered":"DDa"},"content":{"rendered":"\t\t<div data-elementor-type=\"wp-page\" data-elementor-id=\"193\" class=\"elementor elementor-193\">\n\t\t\t\t<div class=\"elementor-element elementor-element-883fffb e-flex e-con-boxed elementor-invisible e-con e-parent\" data-id=\"883fffb\" data-element_type=\"container\" data-e-type=\"container\" data-settings=\"{&quot;animation&quot;:&quot;fadeInDown&quot;}\">\n\t\t\t\t\t<div class=\"e-con-inner\">\n\t\t\t\t<div class=\"elementor-element elementor-element-50eb31e elementor-widget elementor-widget-html\" data-id=\"50eb31e\" data-element_type=\"widget\" data-e-type=\"widget\" data-widget_type=\"html.default\">\n\t\t\t\t<div class=\"elementor-widget-container\">\n\t\t\t\t\tLiczba ods\u0142on: 2222\t\t\t\t<\/div>\n\t\t\t\t<\/div>\n\t\t\t\t<div class=\"elementor-element elementor-element-e80f3d6 elementor-widget elementor-widget-heading\" data-id=\"e80f3d6\" data-element_type=\"widget\" data-e-type=\"widget\" data-widget_type=\"heading.default\">\n\t\t\t\t<div class=\"elementor-widget-container\">\n\t\t\t\t\t<h2 class=\"elementor-heading-title elementor-size-default\">DDA - Doros\u0142e Dzieci Alkoholik\u00f3w<\/h2>\t\t\t\t<\/div>\n\t\t\t\t<\/div>\n\t\t\t\t\t<\/div>\n\t\t\t\t<\/div>\n\t\t<div class=\"elementor-element elementor-element-aae2e4e e-flex e-con-boxed e-con e-parent\" data-id=\"aae2e4e\" data-element_type=\"container\" data-e-type=\"container\">\n\t\t\t\t\t<div class=\"e-con-inner\">\n\t\t\t\t<div class=\"elementor-element elementor-element-cbd8402 elementor-invisible elementor-widget elementor-widget-text-editor\" data-id=\"cbd8402\" data-element_type=\"widget\" data-e-type=\"widget\" data-settings=\"{&quot;_animation&quot;:&quot;fadeInUp&quot;}\" data-widget_type=\"text-editor.default\">\n\t\t\t\t<div class=\"elementor-widget-container\">\n\t\t\t\t\t\t\t\t\t<p><span style=\"color: #000000;\">DDA, czyli Doros\u0142e Dzieci Alkoholik\u00f3w, to osoby, kt\u00f3re dorasta\u0142y w rodzinach, gdzie przynajmniej jeden z rodzic\u00f3w zmaga\u0142 si\u0119 z alkoholizmem. Takie osoby cz\u0119sto do\u015bwiadczaj\u0105 trudno\u015bci emocjonalnych, wynikaj\u0105cych z traumatycznych do\u015bwiadcze\u0144 w dzieci\u0144stwie. Dzieci alkoholik\u00f3w cz\u0119sto dorasta\u0142y w atmosferze chaosu, braku stabilno\u015bci, a ich potrzeby emocjonalne by\u0142y zaniedbywane. To mo\u017ce prowadzi\u0107 do problem\u00f3w w doros\u0142ym \u017cyciu, takich jak trudno\u015bci w nawi\u0105zywaniu bliskich relacji, niska samoocena, l\u0119k, depresja czy trudno\u015bci w radzeniu sobie ze stresem. Doros\u0142e Dzieci Alkoholik\u00f3w cz\u0119sto w doros\u0142ym \u017cyciu odtwarzaj\u0105 schematy z dzieci\u0144stwa, takie jak nadmierna odpowiedzialno\u015b\u0107, kontrola, unikanie konflikt\u00f3w, a tak\u017ce tendencja do wchodzenia w toksyczne relacje. R\u00f3wnie\u017c mog\u0105 mie\u0107 trudno\u015bci z wyra\u017caniem swoich emocji i potrzeb, a tak\u017ce z rozpoznawaniem i stawianiem granic. Podj\u0119cie psychoterapii i grupy wsparcia mog\u0105 pom\u00f3c DDA zrozumie\u0107 i przepracowa\u0107 swoje do\u015bwiadczenia z dzieci\u0144stwa, co pozwala na zdrowsze i bardziej satysfakcjonuj\u0105ce \u017cycie. <span style=\"color: #ff9900;\">W naszym klubie mo\u017cna uzyska\u0107 informacje dotycz\u0105ce pomocy dla os\u00f3b z syndromem DDA oraz mo\u017cna zapisa\u0107 si\u0119 na konsultacj\u0119 do psychologa, kt\u00f3ry zajmuje si\u0119 tematyk\u0105 uzale\u017cnienia i wsp\u00f3\u0142uzale\u017cnienia.<\/span><\/span><\/p>\t\t\t\t\t\t\t\t<\/div>\n\t\t\t\t<\/div>\n\t\t\t\t\t<\/div>\n\t\t\t\t<\/div>\n\t\t\t\t<\/div>\n\t\t","protected":false},"excerpt":{"rendered":"<p>Liczba ods\u0142on: DDA &#8211; Doros\u0142e Dzieci Alkoholik\u00f3w DDA, czyli Doros\u0142e Dzieci Alkoholik\u00f3w, to osoby, kt\u00f3re dorasta\u0142y w rodzinach, gdzie przynajmniej [&hellip;]<\/p>\n","protected":false},"author":1,"featured_media":0,"parent":0,"menu_order":0,"comment_status":"closed","ping_status":"closed","template":"","meta":{"_uf_show_specific_survey":0,"_uf_disable_surveys":false,"site-sidebar-layout":"no-sidebar","site-content-layout":"","ast-site-content-layout":"full-width-container","site-content-style":"default","site-sidebar-style":"default","ast-global-header-display":"","ast-banner-title-visibility":"disabled","ast-main-header-display":"","ast-hfb-above-header-display":"","ast-hfb-below-header-display":"","ast-hfb-mobile-header-display":"","site-post-title":"disabled","ast-breadcrumbs-content":"","ast-featured-img":"disabled","footer-sml-layout":"","ast-disable-related-posts":"","theme-transparent-header-meta":"","adv-header-id-meta":"","stick-header-meta":"","header-above-stick-meta":"","header-main-stick-meta":"","header-below-stick-meta":"","astra-migrate-meta-layouts":"default","ast-page-background-enabled":"default","ast-page-background-meta":{"desktop":{"background-color":"var(--ast-global-color-4)","background-image":"","background-repeat":"repeat","background-position":"center center","background-size":"auto","background-attachment":"scroll","background-type":"","background-media":"","overlay-type":"","overlay-color":"","overlay-opacity":"","overlay-gradient":""},"tablet":{"background-color":"","background-image":"","background-repeat":"repeat","background-position":"center center","background-size":"auto","background-attachment":"scroll","background-type":"","background-media":"","overlay-type":"","overlay-color":"","overlay-opacity":"","overlay-gradient":""},"mobile":{"background-color":"","background-image":"","background-repeat":"repeat","background-position":"center center","background-size":"auto","background-attachment":"scroll","background-type":"","background-media":"","overlay-type":"","overlay-color":"","overlay-opacity":"","overlay-gradient":""}},"ast-content-background-meta":{"desktop":{"background-color":"var(--ast-global-color-5)","background-image":"","background-repeat":"repeat","background-position":"center center","background-size":"auto","background-attachment":"scroll","background-type":"","background-media":"","overlay-type":"","overlay-color":"","overlay-opacity":"","overlay-gradient":""},"tablet":{"background-color":"var(--ast-global-color-5)","background-image":"","background-repeat":"repeat","background-position":"center center","background-size":"auto","background-attachment":"scroll","background-type":"","background-media":"","overlay-type":"","overlay-color":"","overlay-opacity":"","overlay-gradient":""},"mobile":{"background-color":"var(--ast-global-color-5)","background-image":"","background-repeat":"repeat","background-position":"center center","background-size":"auto","background-attachment":"scroll","background-type":"","background-media":"","overlay-type":"","overlay-color":"","overlay-opacity":"","overlay-gradient":""}},"footnotes":""},"class_list":["post-193","page","type-page","status-publish","hentry"],"_links":{"self":[{"href":"https:\/\/xn--bielaskiestowarzyszenierodzinabstynenckich-74g.pl\/index.php\/wp-json\/wp\/v2\/pages\/193","targetHints":{"allow":["GET"]}}],"collection":[{"href":"https:\/\/xn--bielaskiestowarzyszenierodzinabstynenckich-74g.pl\/index.php\/wp-json\/wp\/v2\/pages"}],"about":[{"href":"https:\/\/xn--bielaskiestowarzyszenierodzinabstynenckich-74g.pl\/index.php\/wp-json\/wp\/v2\/types\/page"}],"author":[{"embeddable":true,"href":"https:\/\/xn--bielaskiestowarzyszenierodzinabstynenckich-74g.pl\/index.php\/wp-json\/wp\/v2\/users\/1"}],"replies":[{"embeddable":true,"href":"https:\/\/xn--bielaskiestowarzyszenierodzinabstynenckich-74g.pl\/index.php\/wp-json\/wp\/v2\/comments?post=193"}],"version-history":[{"count":40,"href":"https:\/\/xn--bielaskiestowarzyszenierodzinabstynenckich-74g.pl\/index.php\/wp-json\/wp\/v2\/pages\/193\/revisions"}],"predecessor-version":[{"id":666,"href":"https:\/\/xn--bielaskiestowarzyszenierodzinabstynenckich-74g.pl\/index.php\/wp-json\/wp\/v2\/pages\/193\/revisions\/666"}],"wp:attachment":[{"href":"https:\/\/xn--bielaskiestowarzyszenierodzinabstynenckich-74g.pl\/index.php\/wp-json\/wp\/v2\/media?parent=193"}],"curies":[{"name":"wp","href":"https:\/\/api.w.org\/{rel}","templated":true}]}}