{"id":33,"date":"2024-09-15T19:23:08","date_gmt":"2024-09-15T17:23:08","guid":{"rendered":"https:\/\/xn--bielaskiestowarzyszenierodzinabstynenckich-74g.pl\/?page_id=33"},"modified":"2024-10-05T14:55:48","modified_gmt":"2024-10-05T12:55:48","slug":"strona-glowna","status":"publish","type":"page","link":"https:\/\/xn--bielaskiestowarzyszenierodzinabstynenckich-74g.pl\/","title":{"rendered":"Strona G\u0142\u00f3wna"},"content":{"rendered":"\t\t<div data-elementor-type=\"wp-page\" data-elementor-id=\"33\" class=\"elementor elementor-33\">\n\t\t\t\t<div class=\"elementor-element elementor-element-4c59454 e-flex e-con-boxed e-con e-parent\" data-id=\"4c59454\" data-element_type=\"container\" data-e-type=\"container\">\n\t\t\t\t\t<div class=\"e-con-inner\">\n\t\t<div class=\"elementor-element elementor-element-f843e45 e-con-full e-flex e-con e-child\" data-id=\"f843e45\" data-element_type=\"container\" data-e-type=\"container\">\n\t\t\t\t<div class=\"elementor-element elementor-element-b6440b7 elementor-invisible elementor-widget elementor-widget-image\" data-id=\"b6440b7\" data-element_type=\"widget\" data-e-type=\"widget\" data-settings=\"{&quot;_animation&quot;:&quot;zoomIn&quot;}\" data-widget_type=\"image.default\">\n\t\t\t\t<div class=\"elementor-widget-container\">\n\t\t\t\t\t\t\t\t\t\t\t\t\t\t\t<img fetchpriority=\"high\" decoding=\"async\" width=\"595\" height=\"740\" src=\"https:\/\/xn--bielaskiestowarzyszenierodzinabstynenckich-74g.pl\/wp-content\/uploads\/2024\/09\/DAJEMY_SILE-WP.webp\" class=\"attachment-large size-large wp-image-20\" alt=\"Grafika wyrastaj\u0105cego drzewa z kamieni. Na grafice jest napis: Dajemy si\u0142\u0119 na zmian\u0119.\" srcset=\"https:\/\/xn--bielaskiestowarzyszenierodzinabstynenckich-74g.pl\/wp-content\/uploads\/2024\/09\/DAJEMY_SILE-WP.webp 595w, https:\/\/xn--bielaskiestowarzyszenierodzinabstynenckich-74g.pl\/wp-content\/uploads\/2024\/09\/DAJEMY_SILE-WP-241x300.webp 241w\" sizes=\"(max-width: 595px) 100vw, 595px\" \/>\t\t\t\t\t\t\t\t\t\t\t\t\t\t\t<\/div>\n\t\t\t\t<\/div>\n\t\t\t\t<\/div>\n\t\t<div class=\"elementor-element elementor-element-0b8dff8 e-con-full e-flex e-con e-child\" data-id=\"0b8dff8\" data-element_type=\"container\" data-e-type=\"container\">\n\t\t\t\t<div class=\"elementor-element elementor-element-31e7e39 elementor-invisible elementor-widget elementor-widget-text-editor\" data-id=\"31e7e39\" data-element_type=\"widget\" data-e-type=\"widget\" data-settings=\"{&quot;_animation&quot;:&quot;zoomIn&quot;}\" data-widget_type=\"text-editor.default\">\n\t\t\t\t<div class=\"elementor-widget-container\">\n\t\t\t\t\t\t\t\t\t<p>Pomagamy nie tylko w odzyskaniu zdrowia,\u00a0 przywr\u00f3ceniu\u00a0 poczucia warto\u015bci, odbudowy i poprawy wi\u0119zi rodzinnej.<br \/>Wspieramy r\u00f3wnie\u017c w rozwoju duchowym, moralnym i psychicznym uzale\u017cnionych i wsp\u00f3\u0142uzale\u017cnionych. Dzielimy si\u0119 w\u0142asnym do\u015bwiadczeniem jak funkcjonowa\u0107 bez u\u017cywek.<br \/>S\u0142u\u017cymy pomoc\u0105, wsparciem i rad\u0105 ka\u017cdej potrzebuj\u0105cej osobie w \u017cyciu kt\u00f3rej, pojawi\u0142 si\u0119 problem z alkoholem.<\/p>\t\t\t\t\t\t\t\t<\/div>\n\t\t\t\t<\/div>\n\t\t\t\t<div class=\"elementor-element elementor-element-3e37878 elementor-widget__width-initial elementor-invisible elementor-widget elementor-widget-text-editor\" data-id=\"3e37878\" data-element_type=\"widget\" data-e-type=\"widget\" data-settings=\"{&quot;_animation&quot;:&quot;zoomIn&quot;}\" data-widget_type=\"text-editor.default\">\n\t\t\t\t<div class=\"elementor-widget-container\">\n\t\t\t\t\t\t\t\t\t<p><strong>&#8222;&#8230;Zb\u0142\u0105dzi\u0107 w \u017cyciu ka\u017cdy mo\u017ce&#8230;<\/strong><br \/><strong>taka jest prawda, ty o tym wiedz.<\/strong><br \/><strong>W Stefanie ka\u017cdy ci pomo\u017ce,<\/strong><br \/><strong>gdy zechcesz zmieni\u0107 \u017cycie swe&#8230;<\/strong><br \/><strong>bo ponad wszystko twoja trze\u017awo\u015b\u0107,<\/strong><br \/><strong>d\u0142u\u017cej ju\u017c twarzy nie musisz kry\u0107&#8230;&#8221;<\/strong><br \/><strong>Jerry<\/strong><\/p>\t\t\t\t\t\t\t\t<\/div>\n\t\t\t\t<\/div>\n\t\t\t\t<\/div>\n\t\t\t\t\t<\/div>\n\t\t\t\t<\/div>\n\t\t\t\t<\/div>\n\t\t","protected":false},"excerpt":{"rendered":"<p>Pomagamy nie tylko w odzyskaniu zdrowia,\u00a0 przywr\u00f3ceniu\u00a0 poczucia warto\u015bci, odbudowy i poprawy wi\u0119zi rodzinnej.Wspieramy r\u00f3wnie\u017c w rozwoju duchowym, moralnym i [&hellip;]<\/p>\n","protected":false},"author":1,"featured_media":0,"parent":0,"menu_order":0,"comment_status":"closed","ping_status":"closed","template":"","meta":{"_uf_show_specific_survey":0,"_uf_disable_surveys":false,"site-sidebar-layout":"no-sidebar","site-content-layout":"","ast-site-content-layout":"full-width-container","site-content-style":"default","site-sidebar-style":"default","ast-global-header-display":"","ast-banner-title-visibility":"disabled","ast-main-header-display":"","ast-hfb-above-header-display":"","ast-hfb-below-header-display":"","ast-hfb-mobile-header-display":"","site-post-title":"disabled","ast-breadcrumbs-content":"","ast-featured-img":"disabled","footer-sml-layout":"","ast-disable-related-posts":"","theme-transparent-header-meta":"","adv-header-id-meta":"","stick-header-meta":"","header-above-stick-meta":"","header-main-stick-meta":"","header-below-stick-meta":"","astra-migrate-meta-layouts":"default","ast-page-background-enabled":"default","ast-page-background-meta":{"desktop":{"background-color":"var(--ast-global-color-4)","background-image":"","background-repeat":"repeat","background-position":"center center","background-size":"auto","background-attachment":"scroll","background-type":"","background-media":"","overlay-type":"","overlay-color":"","overlay-opacity":"","overlay-gradient":""},"tablet":{"background-color":"","background-image":"","background-repeat":"repeat","background-position":"center center","background-size":"auto","background-attachment":"scroll","background-type":"","background-media":"","overlay-type":"","overlay-color":"","overlay-opacity":"","overlay-gradient":""},"mobile":{"background-color":"","background-image":"","background-repeat":"repeat","background-position":"center center","background-size":"auto","background-attachment":"scroll","background-type":"","background-media":"","overlay-type":"","overlay-color":"","overlay-opacity":"","overlay-gradient":""}},"ast-content-background-meta":{"desktop":{"background-color":"var(--ast-global-color-5)","background-image":"","background-repeat":"repeat","background-position":"center center","background-size":"auto","background-attachment":"scroll","background-type":"","background-media":"","overlay-type":"","overlay-color":"","overlay-opacity":"","overlay-gradient":""},"tablet":{"background-color":"var(--ast-global-color-5)","background-image":"","background-repeat":"repeat","background-position":"center center","background-size":"auto","background-attachment":"scroll","background-type":"","background-media":"","overlay-type":"","overlay-color":"","overlay-opacity":"","overlay-gradient":""},"mobile":{"background-color":"var(--ast-global-color-5)","background-image":"","background-repeat":"repeat","background-position":"center center","background-size":"auto","background-attachment":"scroll","background-type":"","background-media":"","overlay-type":"","overlay-color":"","overlay-opacity":"","overlay-gradient":""}},"footnotes":""},"class_list":["post-33","page","type-page","status-publish","hentry"],"_links":{"self":[{"href":"https:\/\/xn--bielaskiestowarzyszenierodzinabstynenckich-74g.pl\/index.php\/wp-json\/wp\/v2\/pages\/33","targetHints":{"allow":["GET"]}}],"collection":[{"href":"https:\/\/xn--bielaskiestowarzyszenierodzinabstynenckich-74g.pl\/index.php\/wp-json\/wp\/v2\/pages"}],"about":[{"href":"https:\/\/xn--bielaskiestowarzyszenierodzinabstynenckich-74g.pl\/index.php\/wp-json\/wp\/v2\/types\/page"}],"author":[{"embeddable":true,"href":"https:\/\/xn--bielaskiestowarzyszenierodzinabstynenckich-74g.pl\/index.php\/wp-json\/wp\/v2\/users\/1"}],"replies":[{"embeddable":true,"href":"https:\/\/xn--bielaskiestowarzyszenierodzinabstynenckich-74g.pl\/index.php\/wp-json\/wp\/v2\/comments?post=33"}],"version-history":[{"count":48,"href":"https:\/\/xn--bielaskiestowarzyszenierodzinabstynenckich-74g.pl\/index.php\/wp-json\/wp\/v2\/pages\/33\/revisions"}],"predecessor-version":[{"id":360,"href":"https:\/\/xn--bielaskiestowarzyszenierodzinabstynenckich-74g.pl\/index.php\/wp-json\/wp\/v2\/pages\/33\/revisions\/360"}],"wp:attachment":[{"href":"https:\/\/xn--bielaskiestowarzyszenierodzinabstynenckich-74g.pl\/index.php\/wp-json\/wp\/v2\/media?parent=33"}],"curies":[{"name":"wp","href":"https:\/\/api.w.org\/{rel}","templated":true}]}}