{"id":43,"date":"2024-09-15T19:40:57","date_gmt":"2024-09-15T17:40:57","guid":{"rendered":"https:\/\/xn--bielaskiestowarzyszenierodzinabstynenckich-74g.pl\/?page_id=43"},"modified":"2024-10-28T15:18:19","modified_gmt":"2024-10-28T14:18:19","slug":"o-nas","status":"publish","type":"page","link":"https:\/\/xn--bielaskiestowarzyszenierodzinabstynenckich-74g.pl\/index.php\/o-nas\/","title":{"rendered":"O Nas"},"content":{"rendered":"\t\t<div data-elementor-type=\"wp-page\" data-elementor-id=\"43\" class=\"elementor elementor-43\">\n\t\t\t\t<div class=\"elementor-element elementor-element-670d5cb e-flex e-con-boxed e-con e-parent\" data-id=\"670d5cb\" data-element_type=\"container\" data-e-type=\"container\">\n\t\t\t\t\t<div class=\"e-con-inner\">\n\t\t\t\t<div class=\"elementor-element elementor-element-bdce8f7 elementor-invisible elementor-widget elementor-widget-heading\" data-id=\"bdce8f7\" data-element_type=\"widget\" data-e-type=\"widget\" data-settings=\"{&quot;_animation&quot;:&quot;fadeInDown&quot;}\" data-widget_type=\"heading.default\">\n\t\t\t\t<div class=\"elementor-widget-container\">\n\t\t\t\t\t<h2 class=\"elementor-heading-title elementor-size-default\">Nasza historia<\/h2>\t\t\t\t<\/div>\n\t\t\t\t<\/div>\n\t\t\t\t\t<\/div>\n\t\t\t\t<\/div>\n\t\t<div class=\"elementor-element elementor-element-659fdee e-flex e-con-boxed e-con e-parent\" data-id=\"659fdee\" data-element_type=\"container\" data-e-type=\"container\">\n\t\t\t\t\t<div class=\"e-con-inner\">\n\t\t\t\t<div class=\"elementor-element elementor-element-261b739 elementor-invisible elementor-widget elementor-widget-text-editor\" data-id=\"261b739\" data-element_type=\"widget\" data-e-type=\"widget\" data-settings=\"{&quot;_animation&quot;:&quot;slideInUp&quot;}\" data-widget_type=\"text-editor.default\">\n\t\t\t\t<div class=\"elementor-widget-container\">\n\t\t\t\t\t\t\t\t\t<p><span style=\"color: #000000;\">Biela\u0144skie Stowarzyszenie Rodzin Abstynenckich kontynuuje dzia\u0142alno\u015b\u0107 biela\u0144skiego klubu abstynenckiego Stefan, kt\u00f3ry jest obecnie podstawowym sk\u0142adnikiem Stowarzyszenia. Klub powsta\u0142 1 lutego 1984 r. przy Poradni Odwykowej mieszcz\u0105cej si\u0119 na Bielanach przy ul. Stefana \u017beromskiego 55\/67. Swoj\u0105 nazw\u0119 przyj\u0105\u0142 od imienia patrona ulicy, na kt\u00f3rej si\u0119 znajduje. Pomys\u0142odawc\u0105 powo\u0142ania klubu przy Poradni by\u0142a Pani psycholog Bo\u017cena Ko\u015bnik &#8211; pomys\u0142 przej\u0105\u0142 i wprowadzi\u0142 w \u017cycie psychoterapeuta W\u0142odzimierz Truszewski a prezesem klubu zosta\u0142 Janusz Chmielewski.<\/span><\/p><p><span style=\"color: #000000;\">Pierwsz\u0105 siedzib\u0105 klubu by\u0142a piwnica w budynku, na kt\u00f3rego parterze znajdowa\u0142a si\u0119 Poradnia Odwykowa. Mimo trudnych warunk\u00f3w, cz\u0142onk\u00f3w klubu przybywa\u0142o. Ludzi \u0142\u0105czy\u0142y wsp\u00f3lne problemy, idea niesienia wzajemnej pomocy i wsparcia jakie daje przebywanie w grupie.<\/span><\/p><p><span style=\"color: #000000;\">W pierwszej po\u0142owie lat dziewi\u0119\u0107dziesi\u0105tych Poradnia Odwykowa otrzyma\u0142a obszerniejsze pomieszczenia w Przychodni Zdrowia przy ul. Jana Kochanowskiego 19. Klubowi grozi\u0142a likwidacja, jednak dzi\u0119ki aktywnej postawie lider\u00f3w klubu i wsparciu w\u0142adz Gminy Bielany klub i jego siedzib\u0119 uda\u0142o si\u0119 uratowa\u0107. W pi\u0119tnastym roku dzia\u0142alno\u015bci klub wyszed\u0142 z \u201epodziemia\u201d i przeni\u00f3s\u0142 si\u0119 do lokalu na parterze tego samego budynku. W lokalu tym mie\u015bci\u0142a si\u0119 wcze\u015bniej Poradnia Odwykowa a potem prywatna firma, kt\u00f3ra zostawi\u0142a pomieszczenie w bardzo z\u0142ym stanie technicznym. Lokal wymaga\u0142 generalnego remontu i przystosowania do dzia\u0142alno\u015bci klubowej. Prace adaptacyjne trwa\u0142y kilka miesi\u0119cy i zosta\u0142y w ca\u0142o\u015bci wykonane przez klubowych fachowc\u00f3w. Zakup niezb\u0119dnych materia\u0142\u00f3w sfinansowa\u0142a Gmina Bielany.<\/span><\/p><p><span style=\"color: #000000;\">Jesieni\u0105 1999 r. grono os\u00f3b dzia\u0142aj\u0105cych na rzecz Klubu Stefan sta\u0142o si\u0119 zal\u0105\u017ckiem utworzonego w\u00f3wczas Biela\u0144skiego Stowarzyszenia Rodzin Abstynenckich. Trudu opracowania statutu, zarejestrowania oraz wypromowania tej samodzielnej i samorz\u0105dnej organizacji, podj\u0119\u0142y si\u0119 Alicja Lesiuk i Joanna Zieli\u0144ska, kt\u00f3re zosta\u0142y wybrane na Prezes i V-prezes powo\u0142anego Stowarzyszenia. W swojej dzia\u0142alno\u015bci by\u0142y wspierane przez Zarz\u0105d Gminy Bielany. Biela\u0144skie Stowarzyszenie Rodzin Abstynenckich 19 pa\u017adziernika 1999 roku zosta\u0142o zarejestrowane w VII Wydziale Cywilnym S\u0105du Okr\u0119gowego w Warszawie. W oparciu o opracowany w\u00f3wczas statut i formu\u0142\u0119 organizacyjn\u0105 Stowarzyszenie dzia\u0142a do dzi\u015b. Klub Stefan jest wa\u017cn\u0105 cz\u0119\u015bci\u0105 struktury Stowarzyszenia. Klub zapewnia uczestnikom mi\u0142a atmosfer\u0119, zrozumienie, specjalistyczn\u0105 pomoc, poradnictwo i wsparcie os\u00f3b borykaj\u0105cymi si\u0119 z podobnymi problemami, dyskrecj\u0119, inicjuje dzia\u0142ania informacyjne, edukacyjne i profilaktyczne.<\/span><\/p><p><span style=\"color: #000000;\">W 1994 roku Klub Stefan obchodzi\u0142a 10-\u0105 rocznic\u0119 powstania. Od tej pory zwyczajem sta\u0142o si\u0119 organizowanie jubileuszy co 5 lat. Takie imprezy jak nasza pokazuj\u0105 rosn\u0105c\u0105 atrakcyjno\u015b\u0107 i si\u0142\u0119 ruchu abstynenckiego. Staj\u0105 si\u0119 przyk\u0142adem zdrowego trybu \u017cycia i mo\u017cliwo\u015bci zabawy bez alkoholu.<\/span><\/p><p><span style=\"color: #000000;\">Osi\u0105gn\u0119li\u015bmy sporo. Nie przetrwaliby\u015bmy bez wsparcia os\u00f3b oraz organizacji dzia\u0142aj\u0105cych na rzecz Stowarzyszenia. Dzi\u0119kujemy \u017cyczliwym nam w\u0142adzom Dzielnicy Bielany oraz w\u0142adzom m. st. Warszawy, kt\u00f3re wspiera\u0142y nas poprzez Biuro Polityki Spo\u0142ecznej, O\u015brodkowi Pomocy Spo\u0142ecznej, Poradni Odwykowej oraz wszystkim innym osobom i instytucjom, wspieraj\u0105cych prowadzenie zdrowego trybu \u017cycia bez \u015brodk\u00f3w zmieniaj\u0105cych nastr\u00f3j.<\/span><\/p>\t\t\t\t\t\t\t\t<\/div>\n\t\t\t\t<\/div>\n\t\t\t\t\t<\/div>\n\t\t\t\t<\/div>\n\t\t<div class=\"elementor-element elementor-element-d8df06e e-flex e-con-boxed e-con e-parent\" data-id=\"d8df06e\" data-element_type=\"container\" data-e-type=\"container\">\n\t\t\t\t\t<div class=\"e-con-inner\">\n\t\t\t\t<div class=\"elementor-element elementor-element-a2522af elementor-invisible elementor-widget elementor-widget-heading\" data-id=\"a2522af\" data-element_type=\"widget\" data-e-type=\"widget\" data-settings=\"{&quot;_animation&quot;:&quot;slideInUp&quot;}\" data-widget_type=\"heading.default\">\n\t\t\t\t<div class=\"elementor-widget-container\">\n\t\t\t\t\t<h2 class=\"elementor-heading-title elementor-size-default\">Informacje o stowarzyszeniu<\/h2>\t\t\t\t<\/div>\n\t\t\t\t<\/div>\n\t\t\t\t<div class=\"elementor-element elementor-element-ecc9b54 elementor-invisible elementor-widget elementor-widget-text-editor\" data-id=\"ecc9b54\" data-element_type=\"widget\" data-e-type=\"widget\" data-settings=\"{&quot;_animation&quot;:&quot;slideInUp&quot;}\" data-widget_type=\"text-editor.default\">\n\t\t\t\t<div class=\"elementor-widget-container\">\n\t\t\t\t\t\t\t\t\t<p><span style=\"color: #ff9900;\">Obecnie jest zarejestrowane w Krajowym Rejestrze S\u0105dowym pod numerem 0000063946.<\/span><\/p><p>Dzia\u0142a na podstawie Ustawy Prawo o stowarzyszeniach z dnia 7.04.1989 r. (Dz. U. 20 poz. 104) i stosuje si\u0119 do Ustawy o dzia\u0142alno\u015bci po\u017cytku publicznego i o wolontariacie z dnia 24 kwietnia 2003 r. (Dz. U. z dnia 29 maja 2003 r.)<\/p>\t\t\t\t\t\t\t\t<\/div>\n\t\t\t\t<\/div>\n\t\t\t\t\t<\/div>\n\t\t\t\t<\/div>\n\t\t\t\t<\/div>\n\t\t","protected":false},"excerpt":{"rendered":"<p>Nasza historia Biela\u0144skie Stowarzyszenie Rodzin Abstynenckich kontynuuje dzia\u0142alno\u015b\u0107 biela\u0144skiego klubu abstynenckiego Stefan, kt\u00f3ry jest obecnie podstawowym sk\u0142adnikiem Stowarzyszenia. Klub powsta\u0142 [&hellip;]<\/p>\n","protected":false},"author":1,"featured_media":0,"parent":0,"menu_order":0,"comment_status":"closed","ping_status":"closed","template":"","meta":{"_uf_show_specific_survey":0,"_uf_disable_surveys":false,"site-sidebar-layout":"no-sidebar","site-content-layout":"","ast-site-content-layout":"full-width-container","site-content-style":"default","site-sidebar-style":"default","ast-global-header-display":"","ast-banner-title-visibility":"disabled","ast-main-header-display":"","ast-hfb-above-header-display":"","ast-hfb-below-header-display":"","ast-hfb-mobile-header-display":"","site-post-title":"disabled","ast-breadcrumbs-content":"","ast-featured-img":"disabled","footer-sml-layout":"","ast-disable-related-posts":"","theme-transparent-header-meta":"","adv-header-id-meta":"","stick-header-meta":"","header-above-stick-meta":"","header-main-stick-meta":"","header-below-stick-meta":"","astra-migrate-meta-layouts":"default","ast-page-background-enabled":"default","ast-page-background-meta":{"desktop":{"background-color":"var(--ast-global-color-4)","background-image":"","background-repeat":"repeat","background-position":"center center","background-size":"auto","background-attachment":"scroll","background-type":"","background-media":"","overlay-type":"","overlay-color":"","overlay-opacity":"","overlay-gradient":""},"tablet":{"background-color":"","background-image":"","background-repeat":"repeat","background-position":"center center","background-size":"auto","background-attachment":"scroll","background-type":"","background-media":"","overlay-type":"","overlay-color":"","overlay-opacity":"","overlay-gradient":""},"mobile":{"background-color":"","background-image":"","background-repeat":"repeat","background-position":"center center","background-size":"auto","background-attachment":"scroll","background-type":"","background-media":"","overlay-type":"","overlay-color":"","overlay-opacity":"","overlay-gradient":""}},"ast-content-background-meta":{"desktop":{"background-color":"var(--ast-global-color-5)","background-image":"","background-repeat":"repeat","background-position":"center center","background-size":"auto","background-attachment":"scroll","background-type":"","background-media":"","overlay-type":"","overlay-color":"","overlay-opacity":"","overlay-gradient":""},"tablet":{"background-color":"var(--ast-global-color-5)","background-image":"","background-repeat":"repeat","background-position":"center center","background-size":"auto","background-attachment":"scroll","background-type":"","background-media":"","overlay-type":"","overlay-color":"","overlay-opacity":"","overlay-gradient":""},"mobile":{"background-color":"var(--ast-global-color-5)","background-image":"","background-repeat":"repeat","background-position":"center center","background-size":"auto","background-attachment":"scroll","background-type":"","background-media":"","overlay-type":"","overlay-color":"","overlay-opacity":"","overlay-gradient":""}},"footnotes":""},"class_list":["post-43","page","type-page","status-publish","hentry"],"_links":{"self":[{"href":"https:\/\/xn--bielaskiestowarzyszenierodzinabstynenckich-74g.pl\/index.php\/wp-json\/wp\/v2\/pages\/43","targetHints":{"allow":["GET"]}}],"collection":[{"href":"https:\/\/xn--bielaskiestowarzyszenierodzinabstynenckich-74g.pl\/index.php\/wp-json\/wp\/v2\/pages"}],"about":[{"href":"https:\/\/xn--bielaskiestowarzyszenierodzinabstynenckich-74g.pl\/index.php\/wp-json\/wp\/v2\/types\/page"}],"author":[{"embeddable":true,"href":"https:\/\/xn--bielaskiestowarzyszenierodzinabstynenckich-74g.pl\/index.php\/wp-json\/wp\/v2\/users\/1"}],"replies":[{"embeddable":true,"href":"https:\/\/xn--bielaskiestowarzyszenierodzinabstynenckich-74g.pl\/index.php\/wp-json\/wp\/v2\/comments?post=43"}],"version-history":[{"count":23,"href":"https:\/\/xn--bielaskiestowarzyszenierodzinabstynenckich-74g.pl\/index.php\/wp-json\/wp\/v2\/pages\/43\/revisions"}],"predecessor-version":[{"id":498,"href":"https:\/\/xn--bielaskiestowarzyszenierodzinabstynenckich-74g.pl\/index.php\/wp-json\/wp\/v2\/pages\/43\/revisions\/498"}],"wp:attachment":[{"href":"https:\/\/xn--bielaskiestowarzyszenierodzinabstynenckich-74g.pl\/index.php\/wp-json\/wp\/v2\/media?parent=43"}],"curies":[{"name":"wp","href":"https:\/\/api.w.org\/{rel}","templated":true}]}}