{"id":47,"date":"2024-09-15T19:42:28","date_gmt":"2024-09-15T17:42:28","guid":{"rendered":"https:\/\/xn--bielaskiestowarzyszenierodzinabstynenckich-74g.pl\/?page_id=47"},"modified":"2024-10-06T13:57:50","modified_gmt":"2024-10-06T11:57:50","slug":"oferujemy","status":"publish","type":"page","link":"https:\/\/xn--bielaskiestowarzyszenierodzinabstynenckich-74g.pl\/index.php\/oferujemy\/","title":{"rendered":"Oferujemy"},"content":{"rendered":"\t\t<div data-elementor-type=\"wp-page\" data-elementor-id=\"47\" class=\"elementor elementor-47\">\n\t\t\t\t<div class=\"elementor-element elementor-element-512f399 e-flex e-con-boxed e-con e-parent\" data-id=\"512f399\" data-element_type=\"container\" data-e-type=\"container\">\n\t\t\t\t\t<div class=\"e-con-inner\">\n\t\t\t\t<div class=\"elementor-element elementor-element-4e424f0 elementor-invisible elementor-widget elementor-widget-text-editor\" data-id=\"4e424f0\" data-element_type=\"widget\" data-e-type=\"widget\" data-settings=\"{&quot;_animation&quot;:&quot;zoomIn&quot;}\" data-widget_type=\"text-editor.default\">\n\t\t\t\t<div class=\"elementor-widget-container\">\n\t\t\t\t\t\t\t\t\t<p><span style=\"color: #008000;\"><strong>W ofercie klubu znajduj\u0105 si\u0119 obecnie:<\/strong><\/span><\/p><ol><li><span style=\"color: #000000;\">Punkt pierwszego kontaktu, dzia\u0142aj\u0105cy w czasie otwarcia klubu (prowadzony przez osoby przeszkolone w zakresie pierwszego kontaktu, w tym psycholog).<\/span><\/li><li><span style=\"color: #000000;\">Grupa wsparcia dla os\u00f3b uzale\u017cnionych od alkoholu (prowadzona przez terapeut\u0119 uzale\u017cnie\u0144).<\/span><\/li><li><span style=\"color: #000000;\">Indywidualne konsultacje psychologiczne (prowadzone przez terapeut\u00f3w uzale\u017cnie\u0144).<\/span><\/li><li><span style=\"color: #000000;\">Wyk\u0142ad i warsztaty rozwoju osobistego, prowadzone raz w miesi\u0105cu od stycznia do kwietnia i od wrze\u015bnia do listopada.<\/span><\/li><li><span style=\"color: #000000;\">Mityngi AA.<\/span><\/li><li><span style=\"color: #000000;\">Mityngi Al-Anon.<\/span><\/li><li><span style=\"color: #000000;\">\u015arody klubowe &#8211; spotkania integracyjne (gry stolikowe, kalambury, wieczory literackie itp.) i integracyjna kolacja klubowa.<\/span><\/li><li><span style=\"color: #000000;\">Zbi\u00f3r biblioteczny.<\/span><\/li><li><span style=\"color: #000000;\">Mo\u017cliwo\u015b\u0107 korzystanie z Internetu i telewizji kablowej w godzinach otwarcia klubu.<\/span><\/li><li style=\"text-align: left;\"><span style=\"color: #000000;\">Organizacja okazjonalne imprezy integracyjne, rocznicowe, szkolenia, wyjazdy na zloty abstynenckie, zapewnia dost\u0119p do kultury, rozrywki i wypoczynku.<\/span><\/li><\/ol>\t\t\t\t\t\t\t\t<\/div>\n\t\t\t\t<\/div>\n\t\t\t\t\t<\/div>\n\t\t\t\t<\/div>\n\t\t\t\t<\/div>\n\t\t","protected":false},"excerpt":{"rendered":"<p>W ofercie klubu znajduj\u0105 si\u0119 obecnie: Punkt pierwszego kontaktu, dzia\u0142aj\u0105cy w czasie otwarcia klubu (prowadzony przez osoby przeszkolone w zakresie [&hellip;]<\/p>\n","protected":false},"author":1,"featured_media":0,"parent":0,"menu_order":0,"comment_status":"closed","ping_status":"closed","template":"","meta":{"_uf_show_specific_survey":0,"_uf_disable_surveys":false,"site-sidebar-layout":"no-sidebar","site-content-layout":"","ast-site-content-layout":"full-width-container","site-content-style":"default","site-sidebar-style":"default","ast-global-header-display":"","ast-banner-title-visibility":"","ast-main-header-display":"","ast-hfb-above-header-display":"","ast-hfb-below-header-display":"","ast-hfb-mobile-header-display":"","site-post-title":"disabled","ast-breadcrumbs-content":"","ast-featured-img":"disabled","footer-sml-layout":"disabled","ast-disable-related-posts":"","theme-transparent-header-meta":"","adv-header-id-meta":"","stick-header-meta":"","header-above-stick-meta":"","header-main-stick-meta":"","header-below-stick-meta":"","astra-migrate-meta-layouts":"default","ast-page-background-enabled":"default","ast-page-background-meta":{"desktop":{"background-color":"var(--ast-global-color-4)","background-image":"","background-repeat":"repeat","background-position":"center center","background-size":"auto","background-attachment":"scroll","background-type":"","background-media":"","overlay-type":"","overlay-color":"","overlay-opacity":"","overlay-gradient":""},"tablet":{"background-color":"","background-image":"","background-repeat":"repeat","background-position":"center center","background-size":"auto","background-attachment":"scroll","background-type":"","background-media":"","overlay-type":"","overlay-color":"","overlay-opacity":"","overlay-gradient":""},"mobile":{"background-color":"","background-image":"","background-repeat":"repeat","background-position":"center center","background-size":"auto","background-attachment":"scroll","background-type":"","background-media":"","overlay-type":"","overlay-color":"","overlay-opacity":"","overlay-gradient":""}},"ast-content-background-meta":{"desktop":{"background-color":"var(--ast-global-color-5)","background-image":"","background-repeat":"repeat","background-position":"center center","background-size":"auto","background-attachment":"scroll","background-type":"","background-media":"","overlay-type":"","overlay-color":"","overlay-opacity":"","overlay-gradient":""},"tablet":{"background-color":"var(--ast-global-color-5)","background-image":"","background-repeat":"repeat","background-position":"center center","background-size":"auto","background-attachment":"scroll","background-type":"","background-media":"","overlay-type":"","overlay-color":"","overlay-opacity":"","overlay-gradient":""},"mobile":{"background-color":"var(--ast-global-color-5)","background-image":"","background-repeat":"repeat","background-position":"center center","background-size":"auto","background-attachment":"scroll","background-type":"","background-media":"","overlay-type":"","overlay-color":"","overlay-opacity":"","overlay-gradient":""}},"footnotes":""},"class_list":["post-47","page","type-page","status-publish","hentry"],"_links":{"self":[{"href":"https:\/\/xn--bielaskiestowarzyszenierodzinabstynenckich-74g.pl\/index.php\/wp-json\/wp\/v2\/pages\/47","targetHints":{"allow":["GET"]}}],"collection":[{"href":"https:\/\/xn--bielaskiestowarzyszenierodzinabstynenckich-74g.pl\/index.php\/wp-json\/wp\/v2\/pages"}],"about":[{"href":"https:\/\/xn--bielaskiestowarzyszenierodzinabstynenckich-74g.pl\/index.php\/wp-json\/wp\/v2\/types\/page"}],"author":[{"embeddable":true,"href":"https:\/\/xn--bielaskiestowarzyszenierodzinabstynenckich-74g.pl\/index.php\/wp-json\/wp\/v2\/users\/1"}],"replies":[{"embeddable":true,"href":"https:\/\/xn--bielaskiestowarzyszenierodzinabstynenckich-74g.pl\/index.php\/wp-json\/wp\/v2\/comments?post=47"}],"version-history":[{"count":15,"href":"https:\/\/xn--bielaskiestowarzyszenierodzinabstynenckich-74g.pl\/index.php\/wp-json\/wp\/v2\/pages\/47\/revisions"}],"predecessor-version":[{"id":413,"href":"https:\/\/xn--bielaskiestowarzyszenierodzinabstynenckich-74g.pl\/index.php\/wp-json\/wp\/v2\/pages\/47\/revisions\/413"}],"wp:attachment":[{"href":"https:\/\/xn--bielaskiestowarzyszenierodzinabstynenckich-74g.pl\/index.php\/wp-json\/wp\/v2\/media?parent=47"}],"curies":[{"name":"wp","href":"https:\/\/api.w.org\/{rel}","templated":true}]}}