{"id":49,"date":"2024-09-15T19:43:22","date_gmt":"2024-09-15T17:43:22","guid":{"rendered":"https:\/\/xn--bielaskiestowarzyszenierodzinabstynenckich-74g.pl\/?page_id=49"},"modified":"2024-12-23T16:31:09","modified_gmt":"2024-12-23T15:31:09","slug":"harmonogram","status":"publish","type":"page","link":"https:\/\/xn--bielaskiestowarzyszenierodzinabstynenckich-74g.pl\/index.php\/harmonogram\/","title":{"rendered":"Harmonogram"},"content":{"rendered":"\t\t<div data-elementor-type=\"wp-page\" data-elementor-id=\"49\" class=\"elementor elementor-49\">\n\t\t\t\t<div class=\"elementor-element elementor-element-70354d4 e-flex e-con-boxed e-con e-parent\" data-id=\"70354d4\" data-element_type=\"container\" data-e-type=\"container\">\n\t\t\t\t\t<div class=\"e-con-inner\">\n\t\t\t\t<div class=\"elementor-element elementor-element-d4fec8c elementor-invisible elementor-widget elementor-widget-text-editor\" data-id=\"d4fec8c\" data-element_type=\"widget\" data-e-type=\"widget\" data-settings=\"{&quot;_animation&quot;:&quot;bounceInLeft&quot;}\" data-widget_type=\"text-editor.default\">\n\t\t\t\t<div class=\"elementor-widget-container\">\n\t\t\t\t\t\t\t\t\t<h3>Poniedzia\u0142ek:<\/h3><p><span style=\"color: #000000;\">Punkt pierwszego kontaktu<br \/><\/span>15.00 \u2013 20.00<br \/><span style=\"color: #000000;\">Miting AA grupy &#8222;Piotr&#8221;<br \/><\/span>17.15 &#8211; 19.15<\/p><h3>Wtorek:<\/h3><p><span style=\"color: #000000;\">Punkt pierwszego kontaktu<\/span><br \/>15.00 &#8211; 20.00<br \/><span style=\"color: #000000;\">Konsultacje psychologa dla DDA i os\u00f3b wsp\u00f3\u0142uzale\u017cnionych (mo\u017cliwo\u015b\u0107 po wcze\u015bniejszym um\u00f3wieniu si\u0119 konsultacji <\/span><span style=\"color: #000000;\">telefonicznej)<\/span><br \/>15.00 &#8211; 19.00<\/p><h3>\u015aroda:<\/h3><p><span style=\"color: #000000;\">Punkt pierwszego kontaktu<br \/><\/span>11.00 &#8211; 20.00<br \/><span style=\"color: #000000;\">Miting AA grupy &#8222;Wiosna&#8221;<br \/><\/span>11.00 &#8211; 13.00<br \/><span style=\"color: #000000;\">Dzie\u0144 klubowy, spotkania integracyjne<\/span><br \/>18.00 &#8211; 20.00<\/p><h3>Czwartek:<\/h3><p><span style=\"color: #000000;\">Punkt pierwszego kontaktu<br \/><\/span>16.00 &#8211; 20.00<br \/><span style=\"color: #000000;\">Miting Al-Anon<\/span><br \/>17.30 &#8211; 19.30<\/p><h3>Pi\u0105tek:<\/h3><p><span style=\"color: #000000;\">Punkt pierwszego kontaktu<br \/><\/span>15.00 &#8211; 20.00<br \/><span style=\"color: #000000;\">Konsultacje psychologa dla os\u00f3b uzale\u017cnienia od alkoholu (mo\u017cliwo\u015b\u0107 po wcze\u015bniejszym um\u00f3wieniu si\u0119 konsultacji telefonicznej)<br \/><\/span>15.00 &#8211; 17.00<br \/><span style=\"color: #000000;\">Grupa wsparcia dla os\u00f3b uzale\u017cnionych od alkoholu<\/span><br \/>17.00 &#8211; 19.00<\/p><h3>Sobota:<\/h3><p><span style=\"color: #000000;\">Punkt pierwszego kontaktu<\/span><br \/>16.00 &#8211; 20.00<br \/><span style=\"color: #000000;\">Miting AA grupa \u201eRazem przez Kroki\u201d<\/span> <br \/>16.00- 17.00 <br \/><span style=\"color: #000000;\">Mo\u017cliwo\u015b\u0107 uczestnictwa z dzie\u0107mi \u2013 grupa zapewnia opiek\u0119.<\/span><\/p>\t\t\t\t\t\t\t\t<\/div>\n\t\t\t\t<\/div>\n\t\t\t\t\t<\/div>\n\t\t\t\t<\/div>\n\t\t\t\t<\/div>\n\t\t","protected":false},"excerpt":{"rendered":"<p>Poniedzia\u0142ek: Punkt pierwszego kontaktu15.00 \u2013 20.00Miting AA grupy &#8222;Piotr&#8221;17.15 &#8211; 19.15 Wtorek: Punkt pierwszego kontaktu15.00 &#8211; 20.00Konsultacje psychologa dla DDA [&hellip;]<\/p>\n","protected":false},"author":1,"featured_media":0,"parent":0,"menu_order":0,"comment_status":"closed","ping_status":"closed","template":"","meta":{"_uf_show_specific_survey":0,"_uf_disable_surveys":false,"site-sidebar-layout":"no-sidebar","site-content-layout":"","ast-site-content-layout":"full-width-container","site-content-style":"default","site-sidebar-style":"default","ast-global-header-display":"","ast-banner-title-visibility":"disabled","ast-main-header-display":"","ast-hfb-above-header-display":"","ast-hfb-below-header-display":"","ast-hfb-mobile-header-display":"","site-post-title":"disabled","ast-breadcrumbs-content":"","ast-featured-img":"disabled","footer-sml-layout":"","ast-disable-related-posts":"","theme-transparent-header-meta":"","adv-header-id-meta":"","stick-header-meta":"","header-above-stick-meta":"","header-main-stick-meta":"","header-below-stick-meta":"","astra-migrate-meta-layouts":"default","ast-page-background-enabled":"default","ast-page-background-meta":{"desktop":{"background-color":"var(--ast-global-color-4)","background-image":"","background-repeat":"repeat","background-position":"center center","background-size":"auto","background-attachment":"scroll","background-type":"","background-media":"","overlay-type":"","overlay-color":"","overlay-opacity":"","overlay-gradient":""},"tablet":{"background-color":"","background-image":"","background-repeat":"repeat","background-position":"center center","background-size":"auto","background-attachment":"scroll","background-type":"","background-media":"","overlay-type":"","overlay-color":"","overlay-opacity":"","overlay-gradient":""},"mobile":{"background-color":"","background-image":"","background-repeat":"repeat","background-position":"center center","background-size":"auto","background-attachment":"scroll","background-type":"","background-media":"","overlay-type":"","overlay-color":"","overlay-opacity":"","overlay-gradient":""}},"ast-content-background-meta":{"desktop":{"background-color":"var(--ast-global-color-5)","background-image":"","background-repeat":"repeat","background-position":"center center","background-size":"auto","background-attachment":"scroll","background-type":"","background-media":"","overlay-type":"","overlay-color":"","overlay-opacity":"","overlay-gradient":""},"tablet":{"background-color":"var(--ast-global-color-5)","background-image":"","background-repeat":"repeat","background-position":"center center","background-size":"auto","background-attachment":"scroll","background-type":"","background-media":"","overlay-type":"","overlay-color":"","overlay-opacity":"","overlay-gradient":""},"mobile":{"background-color":"var(--ast-global-color-5)","background-image":"","background-repeat":"repeat","background-position":"center center","background-size":"auto","background-attachment":"scroll","background-type":"","background-media":"","overlay-type":"","overlay-color":"","overlay-opacity":"","overlay-gradient":""}},"footnotes":""},"class_list":["post-49","page","type-page","status-publish","hentry"],"_links":{"self":[{"href":"https:\/\/xn--bielaskiestowarzyszenierodzinabstynenckich-74g.pl\/index.php\/wp-json\/wp\/v2\/pages\/49","targetHints":{"allow":["GET"]}}],"collection":[{"href":"https:\/\/xn--bielaskiestowarzyszenierodzinabstynenckich-74g.pl\/index.php\/wp-json\/wp\/v2\/pages"}],"about":[{"href":"https:\/\/xn--bielaskiestowarzyszenierodzinabstynenckich-74g.pl\/index.php\/wp-json\/wp\/v2\/types\/page"}],"author":[{"embeddable":true,"href":"https:\/\/xn--bielaskiestowarzyszenierodzinabstynenckich-74g.pl\/index.php\/wp-json\/wp\/v2\/users\/1"}],"replies":[{"embeddable":true,"href":"https:\/\/xn--bielaskiestowarzyszenierodzinabstynenckich-74g.pl\/index.php\/wp-json\/wp\/v2\/comments?post=49"}],"version-history":[{"count":12,"href":"https:\/\/xn--bielaskiestowarzyszenierodzinabstynenckich-74g.pl\/index.php\/wp-json\/wp\/v2\/pages\/49\/revisions"}],"predecessor-version":[{"id":707,"href":"https:\/\/xn--bielaskiestowarzyszenierodzinabstynenckich-74g.pl\/index.php\/wp-json\/wp\/v2\/pages\/49\/revisions\/707"}],"wp:attachment":[{"href":"https:\/\/xn--bielaskiestowarzyszenierodzinabstynenckich-74g.pl\/index.php\/wp-json\/wp\/v2\/media?parent=49"}],"curies":[{"name":"wp","href":"https:\/\/api.w.org\/{rel}","templated":true}]}}