{"id":714,"date":"2025-03-20T13:00:14","date_gmt":"2025-03-20T12:00:14","guid":{"rendered":"https:\/\/xn--bielaskiestowarzyszenierodzinabstynenckich-74g.pl\/index.php\/accessibility-statement\/"},"modified":"2025-03-20T13:00:14","modified_gmt":"2025-03-20T12:00:14","slug":"accessibility-statement","status":"publish","type":"page","link":"https:\/\/xn--bielaskiestowarzyszenierodzinabstynenckich-74g.pl\/index.php\/accessibility-statement\/","title":{"rendered":"Accessibility statement"},"content":{"rendered":"\n\n<h6 class=\"wp-block-heading has-text-align-center\">O\u015bwiadczenie dost\u0119pno\u015bci dla https:\/\/biela\u0144skiestowarzyszenierodzinabstynenckich.pl\/<\/h6>\n\n\n<p><strong>Biela\u0144skie Stowarzyszenie Rodzin Abstynenckich<\/strong> zobowi\u0105zuje si\u0119 do zapewnienia dost\u0119pno\u015bci cyfrowej osobom z niepe\u0142nosprawno\u015bciami. Ci\u0105gle ulepszamy do\u015bwiadczenie u\u017cytkownika dla wszystkich i stosujemy odpowiednie standardy dost\u0119pno\u015bci.<\/p>\n\n\n<h6 class=\"wp-block-heading\">Status zgodno\u015bci<\/h6>\n\n\n<p>Wytyczne dotycz\u0105ce dost\u0119pno\u015bci tre\u015bci internetowych (WCAG) okre\u015blaj\u0105 wymagania dla projektant\u00f3w i deweloper\u00f3w w celu poprawy dost\u0119pno\u015bci dla os\u00f3b niepe\u0142nosprawnych. Definiuj\u0105 trzy poziomy zgodno\u015bci: poziom A, poziom AA i poziom AAA.<\/p>\n\n\n<p><strong>Biela\u0144skie Stowarzyszenie Rodzin Abstynenckich<\/strong> nieustannie podejmuje wysi\u0142ki maj\u0105ce na celu popraw\u0119 dost\u0119pno\u015bci swojej witryny i us\u0142ug, wierz\u0105c, \u017ce naszym wsp\u00f3lnym moralnym obowi\u0105zkiem jest umo\u017cliwienie bezproblemowego, dost\u0119pnego i nieograniczonego korzystania z nich osobom z niepe\u0142nosprawno\u015bciami.<\/p>\n\n\n<p>Naszym celem jest udost\u0119pnienie wszystkich stron i tre\u015bci na <strong>https:\/\/biela\u0144skiestowarzyszenierodzinabstynenckich.pl\/<\/strong>, ale niekt\u00f3re tre\u015bci mog\u0105 jeszcze nie w pe\u0142ni spe\u0142nia\u0107 najwy\u017csze standardy dost\u0119pno\u015bci. Mo\u017ce to by\u0107 spowodowane trudno\u015bciami w okre\u015bleniu najbardziej odpowiedniego rozwi\u0105zania technologicznego.<\/p>\n\n\n<p>Mo\u017cemy okresowo dokonywa\u0107 przegl\u0105du niniejszego o\u015bwiadczenia w celu uwzgl\u0119dnienia udoskonale\u0144 lub zmian w naszych praktykach dotycz\u0105cych dost\u0119pno\u015bci.<\/p>\n\n\n<h6 class=\"wp-block-heading\">Uwagi<\/h6>\n\n\n<p>Zapraszamy do przesy\u0142ania opinii na temat dost\u0119pno\u015bci witryny <strong>Biela\u0144skie Stowarzyszenie Rodzin Abstynenckich<\/strong>. Prosimy o poinformowanie nas, je\u015bli napotkasz bariery dost\u0119pno\u015bci na naszej stronie internetowej:<\/p>\n\n\n<p>E-mail: <strong>klubstefan@wp.pl<\/strong><\/p>\n\n\n<p>Staramy si\u0119 odpowiada\u0107 na opinie w ci\u0105gu 3\u20135 dni roboczych.<\/p>\n\n\n<p>O\u015bwiadczenie zosta\u0142o utworzone o 20.03.2025. <\/p>\n","protected":false},"excerpt":{"rendered":"<p>O\u015bwiadczenie dost\u0119pno\u015bci dla https:\/\/biela\u0144skiestowarzyszenierodzinabstynenckich.pl\/ Biela\u0144skie Stowarzyszenie Rodzin Abstynenckich zobowi\u0105zuje si\u0119 do zapewnienia dost\u0119pno\u015bci cyfrowej osobom z niepe\u0142nosprawno\u015bciami. Ci\u0105gle ulepszamy do\u015bwiadczenie [&hellip;]<\/p>\n","protected":false},"author":1,"featured_media":0,"parent":0,"menu_order":0,"comment_status":"closed","ping_status":"closed","template":"","meta":{"_uf_show_specific_survey":0,"_uf_disable_surveys":false,"site-sidebar-layout":"default","site-content-layout":"","ast-site-content-layout":"default","site-content-style":"default","site-sidebar-style":"default","ast-global-header-display":"","ast-banner-title-visibility":"","ast-main-header-display":"","ast-hfb-above-header-display":"","ast-hfb-below-header-display":"","ast-hfb-mobile-header-display":"","site-post-title":"","ast-breadcrumbs-content":"","ast-featured-img":"","footer-sml-layout":"","ast-disable-related-posts":"","theme-transparent-header-meta":"","adv-header-id-meta":"","stick-header-meta":"","header-above-stick-meta":"","header-main-stick-meta":"","header-below-stick-meta":"","astra-migrate-meta-layouts":"default","ast-page-background-enabled":"default","ast-page-background-meta":{"desktop":{"background-color":"var(--ast-global-color-4)","background-image":"","background-repeat":"repeat","background-position":"center center","background-size":"auto","background-attachment":"scroll","background-type":"","background-media":"","overlay-type":"","overlay-color":"","overlay-opacity":"","overlay-gradient":""},"tablet":{"background-color":"","background-image":"","background-repeat":"repeat","background-position":"center center","background-size":"auto","background-attachment":"scroll","background-type":"","background-media":"","overlay-type":"","overlay-color":"","overlay-opacity":"","overlay-gradient":""},"mobile":{"background-color":"","background-image":"","background-repeat":"repeat","background-position":"center center","background-size":"auto","background-attachment":"scroll","background-type":"","background-media":"","overlay-type":"","overlay-color":"","overlay-opacity":"","overlay-gradient":""}},"ast-content-background-meta":{"desktop":{"background-color":"var(--ast-global-color-5)","background-image":"","background-repeat":"repeat","background-position":"center center","background-size":"auto","background-attachment":"scroll","background-type":"","background-media":"","overlay-type":"","overlay-color":"","overlay-opacity":"","overlay-gradient":""},"tablet":{"background-color":"var(--ast-global-color-5)","background-image":"","background-repeat":"repeat","background-position":"center center","background-size":"auto","background-attachment":"scroll","background-type":"","background-media":"","overlay-type":"","overlay-color":"","overlay-opacity":"","overlay-gradient":""},"mobile":{"background-color":"var(--ast-global-color-5)","background-image":"","background-repeat":"repeat","background-position":"center center","background-size":"auto","background-attachment":"scroll","background-type":"","background-media":"","overlay-type":"","overlay-color":"","overlay-opacity":"","overlay-gradient":""}},"footnotes":""},"class_list":["post-714","page","type-page","status-publish","hentry"],"_links":{"self":[{"href":"https:\/\/xn--bielaskiestowarzyszenierodzinabstynenckich-74g.pl\/index.php\/wp-json\/wp\/v2\/pages\/714","targetHints":{"allow":["GET"]}}],"collection":[{"href":"https:\/\/xn--bielaskiestowarzyszenierodzinabstynenckich-74g.pl\/index.php\/wp-json\/wp\/v2\/pages"}],"about":[{"href":"https:\/\/xn--bielaskiestowarzyszenierodzinabstynenckich-74g.pl\/index.php\/wp-json\/wp\/v2\/types\/page"}],"author":[{"embeddable":true,"href":"https:\/\/xn--bielaskiestowarzyszenierodzinabstynenckich-74g.pl\/index.php\/wp-json\/wp\/v2\/users\/1"}],"replies":[{"embeddable":true,"href":"https:\/\/xn--bielaskiestowarzyszenierodzinabstynenckich-74g.pl\/index.php\/wp-json\/wp\/v2\/comments?post=714"}],"version-history":[{"count":0,"href":"https:\/\/xn--bielaskiestowarzyszenierodzinabstynenckich-74g.pl\/index.php\/wp-json\/wp\/v2\/pages\/714\/revisions"}],"wp:attachment":[{"href":"https:\/\/xn--bielaskiestowarzyszenierodzinabstynenckich-74g.pl\/index.php\/wp-json\/wp\/v2\/media?parent=714"}],"curies":[{"name":"wp","href":"https:\/\/api.w.org\/{rel}","templated":true}]}}